{"id":73,"date":"2022-05-12T21:50:15","date_gmt":"2022-05-13T02:50:15","guid":{"rendered":"https:\/\/entornocoffee.com\/tienda\/?post_type=product&#038;p=73"},"modified":"2022-12-16T16:07:41","modified_gmt":"2022-12-16T21:07:41","slug":"premium","status":"publish","type":"product","link":"https:\/\/entornocoffee.com\/tienda\/producto\/premium\/","title":{"rendered":"Premium"},"content":{"rendered":"","protected":false},"excerpt":{"rendered":"<p>Para aquellos que aprecian una buena taza de caf\u00e9 y quieren compartirla con alguien especial. Una caja de madera vers\u00e1til, perfecta para regalar.<\/p>\n<p>Incluye dos tazas de cer\u00e1mica Entorno, una cuchara medidora de madera, galletas de caf\u00e9 y dos bolsas de caf\u00e9 especial de nuestra colecci\u00f3n de Cl\u00e1sicos y Ex\u00f3ticos. <\/p>\n","protected":false},"featured_media":214,"template":"","meta":{"inline_featured_image":false},"product_brand":[],"product_cat":[32,24,23],"product_tag":[37,25,35,28,38,36,34],"class_list":{"0":"post-73","1":"product","2":"type-product","3":"status-publish","4":"has-post-thumbnail","6":"product_cat-cafe","7":"product_cat-kit","8":"product_cat-productos","9":"product_tag-cafe","10":"product_tag-clasico","11":"product_tag-cuchara-medidora","12":"product_tag-exotico","13":"product_tag-galletas-de-cafe","14":"product_tag-kit","15":"product_tag-taza-ceramica","16":"wcpa_has_options","18":"first","19":"instock","20":"taxable","21":"shipping-taxable","22":"purchasable","23":"product-type-variable","24":"wcspt-has-gallery"},"_links":{"self":[{"href":"https:\/\/entornocoffee.com\/tienda\/wp-json\/wp\/v2\/product\/73","targetHints":{"allow":["GET"]}}],"collection":[{"href":"https:\/\/entornocoffee.com\/tienda\/wp-json\/wp\/v2\/product"}],"about":[{"href":"https:\/\/entornocoffee.com\/tienda\/wp-json\/wp\/v2\/types\/product"}],"wp:featuredmedia":[{"embeddable":true,"href":"https:\/\/entornocoffee.com\/tienda\/wp-json\/wp\/v2\/media\/214"}],"wp:attachment":[{"href":"https:\/\/entornocoffee.com\/tienda\/wp-json\/wp\/v2\/media?parent=73"}],"wp:term":[{"taxonomy":"product_brand","embeddable":true,"href":"https:\/\/entornocoffee.com\/tienda\/wp-json\/wp\/v2\/product_brand?post=73"},{"taxonomy":"product_cat","embeddable":true,"href":"https:\/\/entornocoffee.com\/tienda\/wp-json\/wp\/v2\/product_cat?post=73"},{"taxonomy":"product_tag","embeddable":true,"href":"https:\/\/entornocoffee.com\/tienda\/wp-json\/wp\/v2\/product_tag?post=73"}],"curies":[{"name":"wp","href":"https:\/\/api.w.org\/{rel}","templated":true}]}}